{"id":686,"date":"2021-12-27T11:51:22","date_gmt":"2021-12-27T14:51:22","guid":{"rendered":"http:\/\/infomusic.com.br\/?page_id=686"},"modified":"2025-07-22T16:16:38","modified_gmt":"2025-07-22T19:16:38","slug":"planos-para-gravacoes","status":"publish","type":"page","link":"https:\/\/infomusic.com.br\/index.php\/planos-para-gravacoes\/","title":{"rendered":"Planos para grava\u00e7\u00f5es"},"content":{"rendered":"\t\t<div data-elementor-type=\"wp-page\" data-elementor-id=\"686\" class=\"elementor elementor-686\" data-elementor-settings=\"[]\">\n\t\t\t\t\t\t\t<div class=\"elementor-section-wrap\">\n\t\t\t\t\t\t\t<section class=\"elementor-section elementor-top-section elementor-element elementor-element-7574380 elementor-hidden-mobile elementor-section-boxed elementor-section-height-default elementor-section-height-default\" data-id=\"7574380\" data-element_type=\"section\">\n\t\t\t\t\t\t<div class=\"elementor-container elementor-column-gap-default\">\n\t\t\t\t\t<div class=\"elementor-column elementor-col-100 elementor-top-column elementor-element elementor-element-077c55c\" data-id=\"077c55c\" data-element_type=\"column\">\n\t\t\t<div class=\"elementor-widget-wrap elementor-element-populated\">\n\t\t\t\t\t\t\t\t<section class=\"elementor-section elementor-inner-section elementor-element elementor-element-f9541f1 elementor-section-boxed elementor-section-height-default elementor-section-height-default\" data-id=\"f9541f1\" data-element_type=\"section\">\n\t\t\t\t\t\t<div class=\"elementor-container elementor-column-gap-default\">\n\t\t\t\t\t<div class=\"elementor-column elementor-col-100 elementor-inner-column elementor-element elementor-element-6bf8992\" data-id=\"6bf8992\" data-element_type=\"column\">\n\t\t\t<div class=\"elementor-widget-wrap elementor-element-populated\">\n\t\t\t\t\t\t\t\t<div class=\"elementor-element elementor-element-0b94e73 elementor-widget elementor-widget-heading\" data-id=\"0b94e73\" data-element_type=\"widget\" data-widget_type=\"heading.default\">\n\t\t\t\t<div class=\"elementor-widget-container\">\n\t\t\t<h2 class=\"elementor-heading-title elementor-size-default\">Planos para grava\u00e7\u00f5es<\/h2>\t\t<\/div>\n\t\t\t\t<\/div>\n\t\t\t\t\t<\/div>\n\t\t<\/div>\n\t\t\t\t\t\t\t<\/div>\n\t\t<\/section>\n\t\t\t\t<section class=\"elementor-section elementor-inner-section elementor-element elementor-element-ed5f5d1 elementor-section-boxed elementor-section-height-default elementor-section-height-default\" data-id=\"ed5f5d1\" data-element_type=\"section\">\n\t\t\t\t\t\t<div class=\"elementor-container elementor-column-gap-default\">\n\t\t\t\t\t<div class=\"elementor-column elementor-col-33 elementor-inner-column elementor-element elementor-element-9809cdb\" data-id=\"9809cdb\" data-element_type=\"column\">\n\t\t\t<div class=\"elementor-widget-wrap\">\n\t\t\t\t\t\t\t\t\t<\/div>\n\t\t<\/div>\n\t\t\t\t<div class=\"elementor-column elementor-col-33 elementor-inner-column elementor-element elementor-element-e2dec40\" data-id=\"e2dec40\" data-element_type=\"column\">\n\t\t\t<div class=\"elementor-widget-wrap elementor-element-populated\">\n\t\t\t\t\t\t\t\t<div class=\"elementor-element elementor-element-587b62a elementor-widget elementor-widget-image\" data-id=\"587b62a\" data-element_type=\"widget\" data-widget_type=\"image.default\">\n\t\t\t\t<div class=\"elementor-widget-container\">\n\t\t\t\t\t\t\t\t\t\t\t\t\t\t\t<img loading=\"lazy\" decoding=\"async\" width=\"920\" height=\"730\" src=\"https:\/\/infomusic.com.br\/wp-content\/uploads\/2021\/12\/Essa-mic.png\" class=\"attachment-large size-large\" alt=\"\" srcset=\"https:\/\/infomusic.com.br\/wp-content\/uploads\/2021\/12\/Essa-mic.png 982w, https:\/\/infomusic.com.br\/wp-content\/uploads\/2021\/12\/Essa-mic-300x238.png 300w, https:\/\/infomusic.com.br\/wp-content\/uploads\/2021\/12\/Essa-mic-768x609.png 768w\" sizes=\"auto, (max-width: 920px) 100vw, 920px\" \/>\t\t\t\t\t\t\t\t\t\t\t\t\t\t\t<\/div>\n\t\t\t\t<\/div>\n\t\t\t\t\t<\/div>\n\t\t<\/div>\n\t\t\t\t<div class=\"elementor-column elementor-col-33 elementor-inner-column elementor-element elementor-element-3f5455f\" data-id=\"3f5455f\" data-element_type=\"column\">\n\t\t\t<div class=\"elementor-widget-wrap elementor-element-populated\">\n\t\t\t\t\t\t\t\t<div class=\"elementor-element elementor-element-d2ccc6e elementor-widget elementor-widget-text-editor\" data-id=\"d2ccc6e\" data-element_type=\"widget\" data-widget_type=\"text-editor.default\">\n\t\t\t\t<div class=\"elementor-widget-container\">\n\t\t\t\t\t\t\t<p>O <strong>Est\u00fadio Infomusic<\/strong> trabalha com produ\u00e7\u00f5es musicais diversas. Contudo, o servi\u00e7o primordial da <strong>Infomusic<\/strong> \u00e9 a produ\u00e7\u00e3o de guias e m\u00fasicas em geral para atender especialmente os membros do <strong>Clube de Compositores. <\/strong><\/p>\t\t\t\t\t\t<\/div>\n\t\t\t\t<\/div>\n\t\t\t\t<div class=\"elementor-element elementor-element-75329e6 elementor-widget elementor-widget-text-editor\" data-id=\"75329e6\" data-element_type=\"widget\" data-widget_type=\"text-editor.default\">\n\t\t\t\t<div class=\"elementor-widget-container\">\n\t\t\t\t\t\t\t<p>A guia \u00e9 essencial para a composi\u00e7\u00e3o musical a ser apresentada no mercado fonogr\u00e1fico. Sem a melodia da guia, a letra da can\u00e7\u00e3o n\u00e3o ter\u00e1 a inser\u00e7\u00e3o desej\u00e1vel junto a produtores musicais e int\u00e9rpretes em geral.<\/p>\t\t\t\t\t\t<\/div>\n\t\t\t\t<\/div>\n\t\t\t\t<div class=\"elementor-element elementor-element-c9919dc elementor-widget elementor-widget-text-editor\" data-id=\"c9919dc\" data-element_type=\"widget\" data-widget_type=\"text-editor.default\">\n\t\t\t\t<div class=\"elementor-widget-container\">\n\t\t\t\t\t\t\t<p>Neste contexto, uma guia bem elaborada pode representar o surgimento de uma bela can\u00e7\u00e3o, e com ela o reconhecimento do(a) compositor(a), int\u00e9rprete e outros profissionais envolvidos na produ\u00e7\u00e3o musical e no mercado fonogr\u00e1fico.<\/p>\t\t\t\t\t\t<\/div>\n\t\t\t\t<\/div>\n\t\t\t\t<div class=\"elementor-element elementor-element-03236d7 elementor-widget elementor-widget-text-editor\" data-id=\"03236d7\" data-element_type=\"widget\" data-widget_type=\"text-editor.default\">\n\t\t\t\t<div class=\"elementor-widget-container\">\n\t\t\t\t\t\t\t<p><a href=\"https:\/\/infomusic.com.br\/index.php\/precos\"><strong>Acesse aqui<\/strong><\/a> pre\u00e7os de servi\u00e7os realizados pela <strong>Infomusic. <\/strong><strong>\u00a0\u00a0<\/strong><\/p>\t\t\t\t\t\t<\/div>\n\t\t\t\t<\/div>\n\t\t\t\t\t<\/div>\n\t\t<\/div>\n\t\t\t\t\t\t\t<\/div>\n\t\t<\/section>\n\t\t\t\t\t<\/div>\n\t\t<\/div>\n\t\t\t\t\t\t\t<\/div>\n\t\t<\/section>\n\t\t\t\t<section class=\"elementor-section elementor-top-section elementor-element elementor-element-424c465 elementor-hidden-widescreen elementor-hidden-desktop elementor-section-boxed elementor-section-height-default elementor-section-height-default\" data-id=\"424c465\" data-element_type=\"section\" data-settings=\"{&quot;background_background&quot;:&quot;gradient&quot;}\">\n\t\t\t\t\t\t<div class=\"elementor-container elementor-column-gap-default\">\n\t\t\t\t\t<div class=\"elementor-column elementor-col-100 elementor-top-column elementor-element elementor-element-4b29e28\" data-id=\"4b29e28\" data-element_type=\"column\">\n\t\t\t<div class=\"elementor-widget-wrap elementor-element-populated\">\n\t\t\t\t\t\t\t\t<section class=\"elementor-section elementor-inner-section elementor-element elementor-element-c558319 elementor-section-boxed elementor-section-height-default elementor-section-height-default\" data-id=\"c558319\" data-element_type=\"section\">\n\t\t\t\t\t\t<div class=\"elementor-container elementor-column-gap-default\">\n\t\t\t\t\t<div class=\"elementor-column elementor-col-33 elementor-inner-column elementor-element elementor-element-bda53c6\" data-id=\"bda53c6\" data-element_type=\"column\">\n\t\t\t<div class=\"elementor-widget-wrap\">\n\t\t\t\t\t\t\t\t\t<\/div>\n\t\t<\/div>\n\t\t\t\t<div class=\"elementor-column elementor-col-33 elementor-inner-column elementor-element elementor-element-6421443\" data-id=\"6421443\" data-element_type=\"column\">\n\t\t\t<div class=\"elementor-widget-wrap elementor-element-populated\">\n\t\t\t\t\t\t\t\t<div class=\"elementor-element elementor-element-8e0980a elementor-widget elementor-widget-image\" data-id=\"8e0980a\" data-element_type=\"widget\" data-widget_type=\"image.default\">\n\t\t\t\t<div class=\"elementor-widget-container\">\n\t\t\t\t\t\t\t\t\t\t\t\t\t\t\t<img loading=\"lazy\" decoding=\"async\" width=\"592\" height=\"128\" src=\"https:\/\/infomusic.com.br\/wp-content\/uploads\/2021\/12\/fsa.png\" class=\"attachment-large size-large\" alt=\"\" srcset=\"https:\/\/infomusic.com.br\/wp-content\/uploads\/2021\/12\/fsa.png 592w, https:\/\/infomusic.com.br\/wp-content\/uploads\/2021\/12\/fsa-300x65.png 300w\" sizes=\"auto, (max-width: 592px) 100vw, 592px\" \/>\t\t\t\t\t\t\t\t\t\t\t\t\t\t\t<\/div>\n\t\t\t\t<\/div>\n\t\t\t\t\t<\/div>\n\t\t<\/div>\n\t\t\t\t<div class=\"elementor-column elementor-col-33 elementor-inner-column elementor-element elementor-element-c182085\" data-id=\"c182085\" data-element_type=\"column\">\n\t\t\t<div class=\"elementor-widget-wrap elementor-element-populated\">\n\t\t\t\t\t\t\t\t<div class=\"elementor-element elementor-element-1d3bc0a elementor-widget-mobile__width-auto elementor-view-default elementor-widget elementor-widget-icon\" data-id=\"1d3bc0a\" data-element_type=\"widget\" data-widget_type=\"icon.default\">\n\t\t\t\t<div class=\"elementor-widget-container\">\n\t\t\t\t\t<div class=\"elementor-icon-wrapper\">\n\t\t\t<a class=\"elementor-icon\" href=\"https:\/\/infomusic.com.br\/\">\n\t\t\t<i aria-hidden=\"true\" class=\"fas fa-reply\"><\/i>\t\t\t<\/a>\n\t\t<\/div>\n\t\t\t\t<\/div>\n\t\t\t\t<\/div>\n\t\t\t\t\t<\/div>\n\t\t<\/div>\n\t\t\t\t\t\t\t<\/div>\n\t\t<\/section>\n\t\t\t\t\t<\/div>\n\t\t<\/div>\n\t\t\t\t\t\t\t<\/div>\n\t\t<\/section>\n\t\t\t\t<section class=\"elementor-section elementor-top-section elementor-element elementor-element-067e3ea elementor-hidden-widescreen elementor-hidden-desktop elementor-hidden-tablet elementor-section-boxed elementor-section-height-default elementor-section-height-default\" data-id=\"067e3ea\" data-element_type=\"section\">\n\t\t\t\t\t\t<div class=\"elementor-container elementor-column-gap-default\">\n\t\t\t\t\t<div class=\"elementor-column elementor-col-100 elementor-top-column elementor-element elementor-element-cfe0d6e\" data-id=\"cfe0d6e\" data-element_type=\"column\">\n\t\t\t<div class=\"elementor-widget-wrap elementor-element-populated\">\n\t\t\t\t\t\t\t\t<div class=\"elementor-element elementor-element-79fefa5 elementor-widget elementor-widget-heading\" data-id=\"79fefa5\" data-element_type=\"widget\" data-widget_type=\"heading.default\">\n\t\t\t\t<div class=\"elementor-widget-container\">\n\t\t\t<h2 class=\"elementor-heading-title elementor-size-default\">Planos para grava\u00e7\u00f5es<\/h2>\t\t<\/div>\n\t\t\t\t<\/div>\n\t\t\t\t<section class=\"elementor-section elementor-inner-section elementor-element elementor-element-99bf897 elementor-section-boxed elementor-section-height-default elementor-section-height-default\" data-id=\"99bf897\" data-element_type=\"section\">\n\t\t\t\t\t\t<div class=\"elementor-container elementor-column-gap-default\">\n\t\t\t\t\t<div class=\"elementor-column elementor-col-50 elementor-inner-column elementor-element elementor-element-a661b4d\" data-id=\"a661b4d\" data-element_type=\"column\">\n\t\t\t<div class=\"elementor-widget-wrap elementor-element-populated\">\n\t\t\t\t\t\t\t\t<div class=\"elementor-element elementor-element-e18dcc2 elementor-widget elementor-widget-image\" data-id=\"e18dcc2\" data-element_type=\"widget\" data-widget_type=\"image.default\">\n\t\t\t\t<div class=\"elementor-widget-container\">\n\t\t\t\t\t\t\t\t\t\t\t\t\t\t\t<img loading=\"lazy\" decoding=\"async\" width=\"920\" height=\"730\" src=\"https:\/\/infomusic.com.br\/wp-content\/uploads\/2021\/12\/Essa-mic.png\" class=\"attachment-large size-large\" alt=\"\" srcset=\"https:\/\/infomusic.com.br\/wp-content\/uploads\/2021\/12\/Essa-mic.png 982w, https:\/\/infomusic.com.br\/wp-content\/uploads\/2021\/12\/Essa-mic-300x238.png 300w, https:\/\/infomusic.com.br\/wp-content\/uploads\/2021\/12\/Essa-mic-768x609.png 768w\" sizes=\"auto, (max-width: 920px) 100vw, 920px\" \/>\t\t\t\t\t\t\t\t\t\t\t\t\t\t\t<\/div>\n\t\t\t\t<\/div>\n\t\t\t\t\t<\/div>\n\t\t<\/div>\n\t\t\t\t<div class=\"elementor-column elementor-col-50 elementor-inner-column elementor-element elementor-element-9c5537b\" data-id=\"9c5537b\" data-element_type=\"column\">\n\t\t\t<div class=\"elementor-widget-wrap elementor-element-populated\">\n\t\t\t\t\t\t\t\t<div class=\"elementor-element elementor-element-d486955 elementor-widget elementor-widget-text-editor\" data-id=\"d486955\" data-element_type=\"widget\" data-widget_type=\"text-editor.default\">\n\t\t\t\t<div class=\"elementor-widget-container\">\n\t\t\t\t\t\t\t<p>O <strong>Est\u00fadio Infomusic<\/strong> trabalha com produ\u00e7\u00f5es musicais diversas. Contudo, o servi\u00e7o primordial da <strong>Infomusic<\/strong> \u00e9 a produ\u00e7\u00e3o de guias e m\u00fasicas em geral para atender especialmente os membros do <strong>Clube de Compositores.<\/strong><\/p>\t\t\t\t\t\t<\/div>\n\t\t\t\t<\/div>\n\t\t\t\t<div class=\"elementor-element elementor-element-22bcc6d elementor-widget elementor-widget-text-editor\" data-id=\"22bcc6d\" data-element_type=\"widget\" data-widget_type=\"text-editor.default\">\n\t\t\t\t<div class=\"elementor-widget-container\">\n\t\t\t\t\t\t\tA guia \u00e9 essencial para a composi\u00e7\u00e3o musical a ser apresentada no mercado fonogr\u00e1fico. Sem a melodia da guia, a letra da can\u00e7\u00e3o n\u00e3o ter\u00e1 a inser\u00e7\u00e3o desej\u00e1vel junto a produtores musicais e int\u00e9rpretes em geral.\n\n\t\t\t\t\t\t<\/div>\n\t\t\t\t<\/div>\n\t\t\t\t<div class=\"elementor-element elementor-element-9da7c4d elementor-widget elementor-widget-text-editor\" data-id=\"9da7c4d\" data-element_type=\"widget\" data-widget_type=\"text-editor.default\">\n\t\t\t\t<div class=\"elementor-widget-container\">\n\t\t\t\t\t\t\t<p>Neste contexto, uma guia bem elaborada pode representar o surgimento de uma bela can\u00e7\u00e3o, e com ela o reconhecimento do(a) compositor(a), int\u00e9rprete e outros profissionais envolvidos na produ\u00e7\u00e3o musical e no mercado fonogr\u00e1fico.<\/p>\t\t\t\t\t\t<\/div>\n\t\t\t\t<\/div>\n\t\t\t\t<div class=\"elementor-element elementor-element-163e235 elementor-widget elementor-widget-text-editor\" data-id=\"163e235\" data-element_type=\"widget\" data-widget_type=\"text-editor.default\">\n\t\t\t\t<div class=\"elementor-widget-container\">\n\t\t\t\t\t\t\t<p><span style=\"text-decoration: underline;\"><a href=\"https:\/\/infomusic.com.br\/index.php\/pagamentos-2\"><strong>Acesse aqui<\/strong><\/a> <\/span>pre\u00e7os de servi\u00e7os realizados pela <strong>Infomusic. <\/strong><strong>\u00a0\u00a0<\/strong><\/p>\t\t\t\t\t\t<\/div>\n\t\t\t\t<\/div>\n\t\t\t\t\t<\/div>\n\t\t<\/div>\n\t\t\t\t\t\t\t<\/div>\n\t\t<\/section>\n\t\t\t\t\t<\/div>\n\t\t<\/div>\n\t\t\t\t\t\t\t<\/div>\n\t\t<\/section>\n\t\t\t\t<section class=\"elementor-section elementor-top-section elementor-element elementor-element-c1827a3 elementor-hidden-widescreen elementor-hidden-desktop elementor-section-boxed elementor-section-height-default elementor-section-height-default\" data-id=\"c1827a3\" data-element_type=\"section\" data-settings=\"{&quot;background_background&quot;:&quot;gradient&quot;}\">\n\t\t\t\t\t\t<div class=\"elementor-container elementor-column-gap-default\">\n\t\t\t\t\t<div class=\"elementor-column elementor-col-100 elementor-top-column elementor-element elementor-element-4dfcf51\" data-id=\"4dfcf51\" data-element_type=\"column\">\n\t\t\t<div class=\"elementor-widget-wrap elementor-element-populated\">\n\t\t\t\t\t\t\t\t<section class=\"elementor-section elementor-inner-section elementor-element elementor-element-8495b21 elementor-section-boxed elementor-section-height-default elementor-section-height-default\" data-id=\"8495b21\" data-element_type=\"section\">\n\t\t\t\t\t\t<div class=\"elementor-container elementor-column-gap-default\">\n\t\t\t\t\t<div class=\"elementor-column elementor-col-50 elementor-inner-column elementor-element elementor-element-35a49df\" data-id=\"35a49df\" data-element_type=\"column\">\n\t\t\t<div class=\"elementor-widget-wrap\">\n\t\t\t\t\t\t\t\t\t<\/div>\n\t\t<\/div>\n\t\t\t\t<div class=\"elementor-column elementor-col-50 elementor-inner-column elementor-element elementor-element-daf17ed\" data-id=\"daf17ed\" data-element_type=\"column\">\n\t\t\t<div class=\"elementor-widget-wrap\">\n\t\t\t\t\t\t\t\t\t<\/div>\n\t\t<\/div>\n\t\t\t\t\t\t\t<\/div>\n\t\t<\/section>\n\t\t\t\t\t<\/div>\n\t\t<\/div>\n\t\t\t\t\t\t\t<\/div>\n\t\t<\/section>\n\t\t\t\t\t\t<\/div>\n\t\t\t\t\t<\/div>\n\t\t","protected":false},"excerpt":{"rendered":"<p>Planos para grava\u00e7\u00f5es O Est\u00fadio Infomusic trabalha com produ\u00e7\u00f5es musicais diversas. Contudo, o servi\u00e7o primordial da Infomusic \u00e9 a produ\u00e7\u00e3o<\/p>\n<p><a href=\"https:\/\/infomusic.com.br\/index.php\/planos-para-gravacoes\/\" class=\"more-link\">Continue reading<span class=\"screen-reader-text\">Planos para grava\u00e7\u00f5es<\/span><\/a><\/p>\n","protected":false},"author":1,"featured_media":0,"parent":0,"menu_order":0,"comment_status":"closed","ping_status":"closed","template":"elementor_header_footer","meta":{"footnotes":""},"class_list":["post-686","page","type-page","status-publish","hentry"],"_links":{"self":[{"href":"https:\/\/infomusic.com.br\/index.php\/wp-json\/wp\/v2\/pages\/686","targetHints":{"allow":["GET"]}}],"collection":[{"href":"https:\/\/infomusic.com.br\/index.php\/wp-json\/wp\/v2\/pages"}],"about":[{"href":"https:\/\/infomusic.com.br\/index.php\/wp-json\/wp\/v2\/types\/page"}],"author":[{"embeddable":true,"href":"https:\/\/infomusic.com.br\/index.php\/wp-json\/wp\/v2\/users\/1"}],"replies":[{"embeddable":true,"href":"https:\/\/infomusic.com.br\/index.php\/wp-json\/wp\/v2\/comments?post=686"}],"version-history":[{"count":61,"href":"https:\/\/infomusic.com.br\/index.php\/wp-json\/wp\/v2\/pages\/686\/revisions"}],"predecessor-version":[{"id":1451,"href":"https:\/\/infomusic.com.br\/index.php\/wp-json\/wp\/v2\/pages\/686\/revisions\/1451"}],"wp:attachment":[{"href":"https:\/\/infomusic.com.br\/index.php\/wp-json\/wp\/v2\/media?parent=686"}],"curies":[{"name":"wp","href":"https:\/\/api.w.org\/{rel}","templated":true}]}}